{"id":148,"date":"2024-08-02T11:08:58","date_gmt":"2024-08-02T11:08:58","guid":{"rendered":"https:\/\/marblaubrodats.com\/?page_id=148"},"modified":"2024-08-02T11:10:26","modified_gmt":"2024-08-02T11:10:26","slug":"bienvenido-a-https-marblaubrodats-com","status":"publish","type":"page","link":"https:\/\/marblaubrodats.com\/","title":{"rendered":"Bienvenido a Mar Blau Brodats"},"content":{"rendered":"\n<p>Mar Blau Brodats es una empresa joven, din\u00e1mica y \u00faltima en las nuevas tecnolog\u00edas. <\/p>\n\n\n\n<p>Nos adentramos tanto en los bordados del campo corporativo, particular o de grupos sociales.\u00a0 <\/p>\n\n\n\n<p>Como usted sabr\u00e1 hoy en d\u00eda la imagen corporativa y el marketing son elementos muy importantes para potenciar las marcas y la identidad de nuestras empresas.\u00a0Conscientes de esta necesidad, nos proponemos ofrecerles un servicio de calidad en la personalizaci\u00f3n de cualquier tipo de textil que necesite, un jersey, parca, gorra, sudadera u otros como bufandas, pa\u00f1uelos, toallas, banderas, escudos, etc, en partir del logotipo o dise\u00f1o que desee. <\/p>\n\n\n\n<p>Nuestro objetivo es dar un buen servicio, con rapidez, calidad y de forma directa. <\/p>\n\n\n\n<p>Utilizamos maquinaria de alta tecnolog\u00eda para realizar nuestra actividad de forma eficiente y materiales de primera calidad para obtener mejores resultados.<\/p>\n\n\n\n<p><\/p>\n\n\n\n<p><\/p>\n","protected":false},"excerpt":{"rendered":"<p>Mar Blau Brodats es una empresa joven, din\u00e1mica y \u00faltima en las nuevas tecnolog\u00edas. Nos adentramos tanto en los bordados del campo corporativo, particular o de grupos sociales.\u00a0 Como usted sabr\u00e1 hoy en d\u00eda la imagen corporativa y el marketing son elementos muy importantes para potenciar las marcas y la identidad de nuestras empresas.\u00a0Conscientes de [&hellip;]<\/p>\n","protected":false},"author":1,"featured_media":0,"parent":0,"menu_order":0,"comment_status":"closed","ping_status":"open","template":"","meta":{"_locale":"es_ES","_original_post":"https:\/\/marblaubrodats.com\/bienvenido-a-https-marblaubrodats-com\/","footnotes":""},"class_list":["post-148","page","type-page","status-publish","hentry","es-ES","post"],"_links":{"self":[{"href":"https:\/\/marblaubrodats.com\/wp-json\/wp\/v2\/pages\/148","targetHints":{"allow":["GET"]}}],"collection":[{"href":"https:\/\/marblaubrodats.com\/wp-json\/wp\/v2\/pages"}],"about":[{"href":"https:\/\/marblaubrodats.com\/wp-json\/wp\/v2\/types\/page"}],"author":[{"embeddable":true,"href":"https:\/\/marblaubrodats.com\/wp-json\/wp\/v2\/users\/1"}],"replies":[{"embeddable":true,"href":"https:\/\/marblaubrodats.com\/wp-json\/wp\/v2\/comments?post=148"}],"version-history":[{"count":2,"href":"https:\/\/marblaubrodats.com\/wp-json\/wp\/v2\/pages\/148\/revisions"}],"predecessor-version":[{"id":150,"href":"https:\/\/marblaubrodats.com\/wp-json\/wp\/v2\/pages\/148\/revisions\/150"}],"wp:attachment":[{"href":"https:\/\/marblaubrodats.com\/wp-json\/wp\/v2\/media?parent=148"}],"curies":[{"name":"wp","href":"https:\/\/api.w.org\/{rel}","templated":true}]}}